{"id":575,"date":"2020-04-29T20:47:42","date_gmt":"2020-04-29T20:47:42","guid":{"rendered":"http:\/\/tanjatae.com\/?page_id=575"},"modified":"2020-07-30T15:25:48","modified_gmt":"2020-07-30T15:25:48","slug":"disclamer","status":"publish","type":"page","link":"https:\/\/tanjatae.com\/?page_id=575","title":{"rendered":"Impressum und Datenschutz"},"content":{"rendered":"\t\t<div data-elementor-type=\"wp-post\" data-elementor-id=\"575\" class=\"elementor elementor-575\">\n\t\t\t\t\t\t<section class=\"elementor-section elementor-top-section elementor-element elementor-element-1973d22 elementor-section-content-middle elementor-reverse-mobile elementor-reverse-tablet elementor-section-height-min-height elementor-section-boxed elementor-section-height-default elementor-section-items-middle\" data-id=\"1973d22\" data-element_type=\"section\" data-settings=\"{&quot;background_background&quot;:&quot;classic&quot;}\">\n\t\t\t\t\t\t<div class=\"elementor-container elementor-column-gap-default\">\n\t\t\t\t\t<div class=\"aux-parallax-section elementor-column elementor-col-100 elementor-top-column elementor-element elementor-element-2fbe103\" data-id=\"2fbe103\" data-element_type=\"column\">\n\t\t\t<div class=\"elementor-widget-wrap elementor-element-populated\">\n\t\t\t\t\t\t<div class=\"elementor-element elementor-element-e7443fb elementor-widget elementor-widget-aux_modern_heading\" data-id=\"e7443fb\" data-element_type=\"widget\" data-widget_type=\"aux_modern_heading.default\">\n\t\t\t\t<div class=\"elementor-widget-container\">\n\t\t\t<section class=\"aux-widget-modern-heading\">\n            <div class=\"aux-widget-inner\"><h2 class=\"aux-modern-heading-primary\">Impressum und Datenschutz<\/h2><div class=\"aux-modern-heading-divider\"><\/div><\/div>\n        <\/section>\t\t<\/div>\n\t\t\t\t<\/div>\n\t\t\t\t<div class=\"elementor-element elementor-element-4fef931 elementor-widget elementor-widget-text-editor\" data-id=\"4fef931\" data-element_type=\"widget\" data-widget_type=\"text-editor.default\">\n\t\t\t\t<div class=\"elementor-widget-container\">\n\t\t\t\t\t\t\t<p>Verantwortlich f\u00fcr den Inhalt:<br \/>Tanja Taechanurug<br \/>Oertzweg 34<br \/>22307 Hamburg<\/p><p>hello@tanjatae.com<\/p><p>Telefon +49 17663355747<\/p><p>Haftungshinweis:<br \/>Keine Haftung f\u00fcr die Inhalte externer Links wird \u00fcbernommen. F\u00fcr den Inhalt der verlinkten Seiten sind ausschlie\u00dflich deren Betreiber verantwortlich.<\/p><p>Urheberrecht:<br \/>Alle auf dieser Seite wiedergegebenen Bilder, Illustrationen, Texte und Dateien unterliegen dem Urheberrecht sowie den \u00fcbrigen Gesetzen zum Schutz des geistigen Eigentums. Sie d\u00fcrfen weder kopiert noch ver\u00e4ndert und ohne vorherige schriftliche Zustimmung nur zu rein privaten Zwecken verwendet werden. Alle Rechte vorbehalten. Vervielf\u00e4ltigung nur mit Genehmigung.<\/p><p>Datenschutzerkl\u00e4rung:<br \/>Der Schutz Ihrer personenbezogenen Daten ist uns ein wichtiges Anliegen. Nachfolgend informieren wir Sie \u00fcber die Art, den Umfang und die Zwecke der Erhebung und Verwendung personenbezogener Daten auf unserer Homepage. Bei Fragen zu dieser Datenschutzerkl\u00e4rung oder sonstigen Fragen zum Datenschutz im Zusammenhang mit unserem Internetauftritt (wie z.B. Auskunft, \u00c4nderung oder L\u00f6schung von Daten usw.) wenden Sie sich bitte an den Verantwortlichen im Impressum.<\/p><p>Daten\u00fcbermittlung und Protokollierung:<br \/>Der Besuch unserer Webseite erfolgt grunds\u00e4tzlich ohne dass Sie personenbezogene Angaben machen m\u00fcssen. Beim Aufruf unserer Webseite sendet der von Ihnen verwendete Webbrowser bestimmte Informationen an unseren Server. Im Einzelnen werden \u00fcber jeden Zugriff\/Abruf folgende Daten erhoben und in sogenannten Logdateien gespeichert:<br \/>\u2022 IP-Adresse des anfragenden Rechners (diese wird f\u00fcr uns anonymisiert!)<br \/>\u2022 Datum und Uhrzeit des Abrufs<br \/>\u2022 Typ und Version des Webbrowsers<br \/>\u2022 Typ und Version des Betriebssystems<br \/>\u2022 ggf. URL der zuvor besuchten Webseite, wenn einer Verlinkung gefolgt wurde<br \/>\u2022 aufgerufene Seite\/Name der aufgerufenen Datei<br \/>\u2022 Verweildauer auf den aufgerufenen Seiten.<br \/>Die Daten werden vom Serveranbieter (Host) nur zum Zwecke der Serversicherheit und der statistischen Auswertung gesammelt. Sie werden nach 6 Wochen wieder gel\u00f6scht. Sie lassen keinen R\u00fcckschluss auf Ihre Person zu, auch eine Zusammenf\u00fchrung dieser Daten mit anderen Datenquellen erfolgt nicht. Eine Weitergabe an Dritte, zu kommerziellen oder nichtkommerziellen Zwecken, findet nicht statt. <span class=\"Apple-converted-space\">\u00a0 <\/span>Nutzung pers\u00f6nlicher Daten Personenbezogene Daten werden von uns nur dann erhoben, verarbeitet und gespeichert, wenn Sie uns diese freiwillig mitteilen. Dies ist zum Beispiel dann der Fall, wenn Sie uns eine E-Mail schicken, Informationsmaterial anfordern oder mit uns anderweitig in Kontakt treten. Wir nutzen Ihre pers\u00f6nlichen Daten ausschlie\u00dflich zu administrativen Zwecken und zur Kommunikation mit Ihnen und zur Bearbeitung Ihres Anliegens. In der Regel ben\u00f6tigen wir Ihre Anschrift, Ihre Telefonnummer und\/oder Ihre E-Mail-Adresse, um mit Ihnen in Kontakt treten zu k\u00f6nnen.<\/p><p>Auskunft und \u00c4nderung Ihrer Daten<br \/>Sie k\u00f6nnen Auskunft \u00fcber Ihre von uns verarbeiteten personenbezogenen Daten verlangen. Auf schriftliche Anfrage informieren wir Sie \u00fcber die zu Ihrer Person gespeicherten Daten. Sollten Ihre Angaben nicht (mehr) zutreffend sein, k\u00f6nnen Sie eine Berichtigung verlangen. Sollten Ihre Daten unvollst\u00e4ndig sein, k\u00f6nnen Sie eine Vervollst\u00e4ndigung verlangen. Wenn wir Ihre Angaben an Dritte weitergegeben haben, informieren wir diese Dritten \u00fcber Ihre Berichtigung, sofern dies gesetzlich vorgeschrieben ist.<\/p><p>Widerspruchsrecht:<br \/>L\u00f6schung der personenbezogenen Daten; Beschwerde Der Nutzung und Verarbeitung Ihrer personenbezogenen Daten k\u00f6nnen Sie jederzeit mit Wirkung f\u00fcr die Zukunft durch formlose Mitteilung an die Anschrift im Impressum widersprechen. Die L\u00f6schung der gespeicherten personenbezogenen Daten erfolgt, wenn Sie der Nutzung Ihrer Daten widersprechen oder der Zweck der Datenerhebung erf\u00fcllt worden ist, soweit nicht gesetzliche, beh\u00f6rdliche oder vertragliche Aufbewahrungspflichten bestehen. Bestehen solche Pflichten, werden Ihre Daten zun\u00e4chst f\u00fcr die weitere Verwendung gesperrt und nach Ablauf der Aufbewahrungsfristen gel\u00f6scht. Sie sind auch berechtigt, bei der zust\u00e4ndigen Datenschutzaufsichtsbeh\u00f6rde Beschwerde einzureichen.<\/p><p>\u00c4nderung unserer Datenschutzbestimmungen:<br \/>Wir behalten uns das Recht vor, unsere Sicherheits- und Datenschutzma\u00dfnahmen zu ver\u00e4ndern, soweit dies wegen der technischen Entwicklung erforderlich wird. In diesen F\u00e4llen werden wir auch unsere Hinweise zum Datenschutz entsprechend anpassen. Bitte beachten Sie daher die jeweils aktuelle Version unserer Datenschutzerkl\u00e4rung.<\/p>\t\t\t\t\t\t<\/div>\n\t\t\t\t<\/div>\n\t\t\t\t\t<\/div>\n\t\t<\/div>\n\t\t\t\t\t<\/div>\n\t\t<\/section>\n\t\t\t\t<\/div>\n\t\t","protected":false},"excerpt":{"rendered":"<p>Impressum und Datenschutz Verantwortlich f\u00fcr den Inhalt:Tanja TaechanurugOertzweg 3422307 Hamburg hello@tanjatae.com Telefon +49 17663355747 Haftungshinweis:Keine Haftung f\u00fcr die Inhalte externer Links wird \u00fcbernommen. F\u00fcr den Inhalt der verlinkten Seiten sind ausschlie\u00dflich deren Betreiber verantwortlich. Urheberrecht:Alle auf dieser Seite wiedergegebenen Bilder, Illustrationen, Texte und Dateien unterliegen dem Urheberrecht sowie den \u00fcbrigen Gesetzen zum Schutz des geistigen [&hellip;]<\/p>\n","protected":false},"author":1,"featured_media":0,"parent":0,"menu_order":0,"comment_status":"closed","ping_status":"closed","template":"templates\/page-builder-content.php","meta":{"footnotes":""},"_links":{"self":[{"href":"https:\/\/tanjatae.com\/index.php?rest_route=\/wp\/v2\/pages\/575"}],"collection":[{"href":"https:\/\/tanjatae.com\/index.php?rest_route=\/wp\/v2\/pages"}],"about":[{"href":"https:\/\/tanjatae.com\/index.php?rest_route=\/wp\/v2\/types\/page"}],"author":[{"embeddable":true,"href":"https:\/\/tanjatae.com\/index.php?rest_route=\/wp\/v2\/users\/1"}],"replies":[{"embeddable":true,"href":"https:\/\/tanjatae.com\/index.php?rest_route=%2Fwp%2Fv2%2Fcomments&post=575"}],"version-history":[{"count":8,"href":"https:\/\/tanjatae.com\/index.php?rest_route=\/wp\/v2\/pages\/575\/revisions"}],"predecessor-version":[{"id":783,"href":"https:\/\/tanjatae.com\/index.php?rest_route=\/wp\/v2\/pages\/575\/revisions\/783"}],"wp:attachment":[{"href":"https:\/\/tanjatae.com\/index.php?rest_route=%2Fwp%2Fv2%2Fmedia&parent=575"}],"curies":[{"name":"wp","href":"https:\/\/api.w.org\/{rel}","templated":true}]}}